{"id":62,"date":"2024-12-31T02:17:44","date_gmt":"2024-12-31T02:17:44","guid":{"rendered":"https:\/\/puromartinez.com\/?page_id=62"},"modified":"2025-09-03T23:55:54","modified_gmt":"2025-09-03T23:55:54","slug":"about","status":"publish","type":"page","link":"https:\/\/puromartinez.com\/es\/about\/","title":{"rendered":"Acerca de"},"content":{"rendered":"<p class=\"\">PR Story Studios LLC, con el nombre comercial de PuroMartinez, es una empresa hispana de bienestar con sede en San Antonio, Texas, que crea soluciones de salud inspiradas en la cultura. Con la misi\u00f3n de celebrar y empoderar a la comunidad latina, PuroMartinez ofrece productos artesanales que honran la tradici\u00f3n al tiempo que abordan las necesidades modernas de bienestar.<\/p>\n\n\n\n<h2 class=\"wp-block-heading\">Misi\u00f3n<\/h2>\n\n\n\n<p class=\"\">La misi\u00f3n de PuroMartinez es empoderar a los hombres latinos y a sus familias para que recuperen su salud, fortaleza y prop\u00f3sito regresando a sus ra\u00edces ind\u00edgenas de bienestar y liderazgo guerrero. A trav\u00e9s de productos culturalmente inspirados y la narraci\u00f3n de historias, encendemos el viaje del h\u00e9roe dentro de cada hermano-ayud\u00e1ndoles a levantarse, hacerse cargo de su bienestar, y dominar la vida con fe, resistencia y diversi\u00f3n.<\/p>\n\n\n\n<h2 class=\"wp-block-heading\">Visi\u00f3n<\/h2>\n\n\n\n<p class=\"\">Construir un movimiento donde los hombres latinos abracen su herencia, salud y liderazgo, creando un futuro donde nuestra comunidad prospere con fuerza, prop\u00f3sito y vitalidad. Imaginamos un mundo donde cada hermano est\u00e9 equipado f\u00edsica, mental y espiritualmente para liderar a su familia, comunidad y destino con confianza y esp\u00edritu guerrero.<\/p>\n\n\n\n<h2 class=\"wp-block-heading\">Valores fundamentales<\/h2>\n\n\n\n<ol class=\"wp-block-list\">\n<li class=\"\"><strong>Fe - Esp\u00edritu Guerrero<\/strong><\/li>\n<\/ol>\n\n\n\n<ul class=\"wp-block-list\">\n<li class=\"\">Creemos que la fuerza procede de la fe en nosotros mismos, en nuestro patrimonio y en nuestra comunidad.<\/li>\n\n\n\n<li class=\"\">Honramos el esp\u00edritu guerrero que hay dentro de cada latino, anim\u00e1ndoles a luchar por su salud, sus sue\u00f1os y sus familias.<\/li>\n<\/ul>\n\n\n\n<ol start=\"2\" class=\"wp-block-list\">\n<li class=\"\"><strong>Familia - Fuerza y Unidad<\/strong><\/li>\n<\/ol>\n\n\n\n<ul class=\"wp-block-list\">\n<li class=\"\">La salud es un asunto de familia: nos ayudamos mutuamente, nos transmitimos sabidur\u00eda y creamos un legado de fortaleza.<\/li>\n\n\n\n<li class=\"\">Promovemos la curaci\u00f3n y la conexi\u00f3n, garantizando que nuestra cultura y tradiciones prosperen durante generaciones.<\/li>\n<\/ul>\n\n\n\n<ol start=\"3\" class=\"wp-block-list\">\n<li class=\"\"><strong>Fun - Vive con Pasi\u00f3n<\/strong><\/li>\n<\/ol>\n\n\n\n<ul class=\"wp-block-list\">\n<li class=\"\">La salud no consiste en restringirse, sino en disfrutar, tener energ\u00eda y sentirse imparable.<\/li>\n\n\n\n<li class=\"\">Infundimos risas, cultura y sabor a todo lo que hacemos, convirtiendo el bienestar en un estilo de vida, no en una tarea.<\/li>\n<\/ul>\n\n\n\n<figure class=\"wp-block-image size-large\"><img data-recalc-dims=\"1\" fetchpriority=\"high\" decoding=\"async\" width=\"1024\" height=\"553\" src=\"https:\/\/i0.wp.com\/puromartinez.com\/wp-content\/uploads\/2025\/08\/IMG_3375.jpg?resize=1024%2C553&#038;ssl=1\" alt=\"\" class=\"wp-image-169\" srcset=\"https:\/\/i0.wp.com\/puromartinez.com\/wp-content\/uploads\/2025\/08\/IMG_3375.jpg?resize=1024%2C553&amp;ssl=1 1024w, https:\/\/i0.wp.com\/puromartinez.com\/wp-content\/uploads\/2025\/08\/IMG_3375.jpg?resize=300%2C162&amp;ssl=1 300w, https:\/\/i0.wp.com\/puromartinez.com\/wp-content\/uploads\/2025\/08\/IMG_3375.jpg?resize=768%2C414&amp;ssl=1 768w, https:\/\/i0.wp.com\/puromartinez.com\/wp-content\/uploads\/2025\/08\/IMG_3375.jpg?w=1125&amp;ssl=1 1125w\" sizes=\"(max-width: 1000px) 100vw, 1000px\" \/><\/figure>\n\n\n\n<h2 class=\"wp-block-heading\">La historia de PuroMart\u00ednez<\/h2>\n\n\n\n<blockquote class=\"wp-block-quote is-layout-flow wp-block-quote-is-layout-flow\">\n<p class=\"\">\"\u00c9rase una vez, en la tierra de nuestros antepasados, aprendimos a curarnos\".<\/p>\n\n\n\n<p class=\"\">Estas palabras resonaban en el coraz\u00f3n de \u00c1ngel Z\u00fa\u00f1iga Mart\u00ednez III mientras estaba sentado bajo el vasto cielo estrellado de Terlingua, Tejas, con el aire fresco del invierno cargado de susurros del pasado. A la sombra de las monta\u00f1as Chisos, donde el desierto se funde con el cielo, \u00c1ngel dio la bienvenida al a\u00f1o 2024 en un viaje de curaci\u00f3n espiritual, mental y f\u00edsica para \u00e9l y su familia. \u00c1ngel se top\u00f3 con un muro: hipertensi\u00f3n, prediabetes y sobrepeso.<\/p>\n\n\n\n<p class=\"\">\u00bfEra un \u00e1ngel de la guarda? \u00bfLa voz de su tatarabuelo, Antonio, que una vez elabor\u00f3 sus propios ung\u00fcentos curativos a principios del siglo XX? \u00bfO era el esp\u00edritu guerrero de Mart\u00ednez, que se levantaba con el viento, llam\u00e1ndole a recordar la sabidur\u00eda de sus antepasados?<\/p>\n\n\n\n<p class=\"\">En la quietud, el silencio, la pausa sagrada, despert\u00f3 la fe. Naci\u00f3 una misi\u00f3n.<\/p>\n\n\n\n<p class=\"\">PuroMart\u00ednez es m\u00e1s que una marca: es un movimiento. Un renacimiento de la resistencia latina, la sabidur\u00eda ancestral y las tradiciones consagradas. Inspirados por los sabores audaces, las recetas curativas y el esp\u00edritu inquebrantable de las familias de fe, honramos el pasado mientras forjamos un futuro m\u00e1s saludable.<\/p>\n\n\n\n<p class=\"\">\u00c1ngel Z\u00fa\u00f1iga Mart\u00ednez, Fundador y Director General<\/p>\n<\/blockquote>\n\n\n\n<h2 class=\"wp-block-heading\">Etiqueta<\/h2>\n\n\n\n<p class=\"\">\u00a1Mant\u00e9ngase saludables Hermanos!<\/p>\n\n\n\n<h2 class=\"wp-block-heading\">Eslogan<\/h2>\n\n\n\n<p class=\"\">M.A.M.A.'- Make America Mejor Again.<\/p>","protected":false},"excerpt":{"rendered":"<p>PR Story Studios LLC, doing business as PuroMartinez, is a Hispanic-owned wellness company based in San Antonio, Texas, that creates culturally inspired health solutions. With a mission to celebrate and empower the Latino community, PuroMartinez offers handcrafted products that honor tradition while addressing modern wellness needs. Mission Statement PuroMartinez\u2019s mission is to empower Latino men [&hellip;]<\/p>\n","protected":false},"author":1,"featured_media":92,"parent":0,"menu_order":0,"comment_status":"closed","ping_status":"closed","template":"","meta":{"nf_dc_page":"","om_disable_all_campaigns":false,"_genesis_hide_title":false,"_genesis_hide_breadcrumbs":false,"_genesis_hide_singular_image":false,"_genesis_hide_footer_widgets":false,"_genesis_custom_body_class":"","_genesis_custom_post_class":"","_genesis_layout":"","footnotes":""},"class_list":{"0":"post-62","1":"page","2":"type-page","3":"status-publish","4":"has-post-thumbnail","6":"entry"},"yoast_head":"<!-- This site is optimized with the Yoast SEO plugin v27.5 - https:\/\/yoast.com\/product\/yoast-seo-wordpress\/ -->\n<title>About - Puro Martinez -Wellness and Gut Health<\/title>\n<meta name=\"robots\" content=\"index, follow, max-snippet:-1, max-image-preview:large, max-video-preview:-1\" \/>\n<link rel=\"canonical\" href=\"https:\/\/puromartinez.com\/es\/about\/\" \/>\n<meta property=\"og:locale\" content=\"es_MX\" \/>\n<meta property=\"og:type\" content=\"article\" \/>\n<meta property=\"og:title\" content=\"About - Puro Martinez -Wellness and Gut Health\" \/>\n<meta property=\"og:description\" content=\"PR Story Studios LLC, doing business as PuroMartinez, is a Hispanic-owned wellness company based in San Antonio, Texas, that creates culturally inspired health solutions. With a mission to celebrate and empower the Latino community, PuroMartinez offers handcrafted products that honor tradition while addressing modern wellness needs. Mission Statement PuroMartinez\u2019s mission is to empower Latino men [&hellip;]\" \/>\n<meta property=\"og:url\" content=\"https:\/\/puromartinez.com\/es\/about\/\" \/>\n<meta property=\"og:site_name\" content=\"Puro Martinez -Wellness and Gut Health\" \/>\n<meta property=\"article:modified_time\" content=\"2025-09-03T23:55:54+00:00\" \/>\n<meta property=\"og:image\" content=\"https:\/\/puromartinez.com\/wp-content\/uploads\/2025\/07\/PuroMartinez-Core-logo-scaled.png\" \/>\n\t<meta property=\"og:image:width\" content=\"2560\" \/>\n\t<meta property=\"og:image:height\" content=\"893\" \/>\n\t<meta property=\"og:image:type\" content=\"image\/png\" \/>\n<meta name=\"twitter:card\" content=\"summary_large_image\" \/>\n<meta name=\"twitter:label1\" content=\"Tiempo de lectura\" \/>\n\t<meta name=\"twitter:data1\" content=\"2 minutos\" \/>\n<script type=\"application\/ld+json\" class=\"yoast-schema-graph\">{\"@context\":\"https:\\\/\\\/schema.org\",\"@graph\":[{\"@type\":\"WebPage\",\"@id\":\"https:\\\/\\\/puromartinez.com\\\/about\\\/\",\"url\":\"https:\\\/\\\/puromartinez.com\\\/about\\\/\",\"name\":\"About - Puro Martinez -Wellness and Gut Health\",\"isPartOf\":{\"@id\":\"https:\\\/\\\/puromartinez.com\\\/#website\"},\"primaryImageOfPage\":{\"@id\":\"https:\\\/\\\/puromartinez.com\\\/about\\\/#primaryimage\"},\"image\":{\"@id\":\"https:\\\/\\\/puromartinez.com\\\/about\\\/#primaryimage\"},\"thumbnailUrl\":\"https:\\\/\\\/i0.wp.com\\\/puromartinez.com\\\/wp-content\\\/uploads\\\/2025\\\/07\\\/PuroMartinez-Core-logo-scaled.png?fit=2560%2C893&ssl=1\",\"datePublished\":\"2024-12-31T02:17:44+00:00\",\"dateModified\":\"2025-09-03T23:55:54+00:00\",\"breadcrumb\":{\"@id\":\"https:\\\/\\\/puromartinez.com\\\/about\\\/#breadcrumb\"},\"inLanguage\":\"es\",\"potentialAction\":[{\"@type\":\"ReadAction\",\"target\":[\"https:\\\/\\\/puromartinez.com\\\/about\\\/\"]}]},{\"@type\":\"ImageObject\",\"inLanguage\":\"es\",\"@id\":\"https:\\\/\\\/puromartinez.com\\\/about\\\/#primaryimage\",\"url\":\"https:\\\/\\\/i0.wp.com\\\/puromartinez.com\\\/wp-content\\\/uploads\\\/2025\\\/07\\\/PuroMartinez-Core-logo-scaled.png?fit=2560%2C893&ssl=1\",\"contentUrl\":\"https:\\\/\\\/i0.wp.com\\\/puromartinez.com\\\/wp-content\\\/uploads\\\/2025\\\/07\\\/PuroMartinez-Core-logo-scaled.png?fit=2560%2C893&ssl=1\",\"width\":2560,\"height\":893},{\"@type\":\"BreadcrumbList\",\"@id\":\"https:\\\/\\\/puromartinez.com\\\/about\\\/#breadcrumb\",\"itemListElement\":[{\"@type\":\"ListItem\",\"position\":1,\"name\":\"Home\",\"item\":\"https:\\\/\\\/puromartinez.com\\\/\"},{\"@type\":\"ListItem\",\"position\":2,\"name\":\"About\"}]},{\"@type\":\"WebSite\",\"@id\":\"https:\\\/\\\/puromartinez.com\\\/#website\",\"url\":\"https:\\\/\\\/puromartinez.com\\\/\",\"name\":\"Puro Martinez -Wellness and Gut Health\",\"description\":\"Stay Healthy Hermanos! Wellness Supports Our Gente to be Dominant!\",\"publisher\":{\"@id\":\"https:\\\/\\\/puromartinez.com\\\/#organization\"},\"potentialAction\":[{\"@type\":\"SearchAction\",\"target\":{\"@type\":\"EntryPoint\",\"urlTemplate\":\"https:\\\/\\\/puromartinez.com\\\/?s={search_term_string}\"},\"query-input\":{\"@type\":\"PropertyValueSpecification\",\"valueRequired\":true,\"valueName\":\"search_term_string\"}}],\"inLanguage\":\"es\"},{\"@type\":\"Organization\",\"@id\":\"https:\\\/\\\/puromartinez.com\\\/#organization\",\"name\":\"Puro Martinez -Wellness and Gut Health\",\"url\":\"https:\\\/\\\/puromartinez.com\\\/\",\"logo\":{\"@type\":\"ImageObject\",\"inLanguage\":\"es\",\"@id\":\"https:\\\/\\\/puromartinez.com\\\/#\\\/schema\\\/logo\\\/image\\\/\",\"url\":\"https:\\\/\\\/i0.wp.com\\\/puromartinez.com\\\/wp-content\\\/uploads\\\/2024\\\/06\\\/cropped-Puro-Martinez-ST-banner.png?fit=822%2C220&ssl=1\",\"contentUrl\":\"https:\\\/\\\/i0.wp.com\\\/puromartinez.com\\\/wp-content\\\/uploads\\\/2024\\\/06\\\/cropped-Puro-Martinez-ST-banner.png?fit=822%2C220&ssl=1\",\"width\":822,\"height\":220,\"caption\":\"Puro Martinez -Wellness and Gut Health\"},\"image\":{\"@id\":\"https:\\\/\\\/puromartinez.com\\\/#\\\/schema\\\/logo\\\/image\\\/\"}}]}<\/script>\n<!-- \/ Yoast SEO plugin. -->","yoast_head_json":{"title":"About - Puro Martinez -Wellness and Gut Health","robots":{"index":"index","follow":"follow","max-snippet":"max-snippet:-1","max-image-preview":"max-image-preview:large","max-video-preview":"max-video-preview:-1"},"canonical":"https:\/\/puromartinez.com\/es\/about\/","og_locale":"es_MX","og_type":"article","og_title":"About - Puro Martinez -Wellness and Gut Health","og_description":"PR Story Studios LLC, doing business as PuroMartinez, is a Hispanic-owned wellness company based in San Antonio, Texas, that creates culturally inspired health solutions. With a mission to celebrate and empower the Latino community, PuroMartinez offers handcrafted products that honor tradition while addressing modern wellness needs. Mission Statement PuroMartinez\u2019s mission is to empower Latino men [&hellip;]","og_url":"https:\/\/puromartinez.com\/es\/about\/","og_site_name":"Puro Martinez -Wellness and Gut Health","article_modified_time":"2025-09-03T23:55:54+00:00","og_image":[{"width":2560,"height":893,"url":"https:\/\/puromartinez.com\/wp-content\/uploads\/2025\/07\/PuroMartinez-Core-logo-scaled.png","type":"image\/png"}],"twitter_card":"summary_large_image","twitter_misc":{"Tiempo de lectura":"2 minutos"},"schema":{"@context":"https:\/\/schema.org","@graph":[{"@type":"WebPage","@id":"https:\/\/puromartinez.com\/about\/","url":"https:\/\/puromartinez.com\/about\/","name":"About - Puro Martinez -Wellness and Gut Health","isPartOf":{"@id":"https:\/\/puromartinez.com\/#website"},"primaryImageOfPage":{"@id":"https:\/\/puromartinez.com\/about\/#primaryimage"},"image":{"@id":"https:\/\/puromartinez.com\/about\/#primaryimage"},"thumbnailUrl":"https:\/\/i0.wp.com\/puromartinez.com\/wp-content\/uploads\/2025\/07\/PuroMartinez-Core-logo-scaled.png?fit=2560%2C893&ssl=1","datePublished":"2024-12-31T02:17:44+00:00","dateModified":"2025-09-03T23:55:54+00:00","breadcrumb":{"@id":"https:\/\/puromartinez.com\/about\/#breadcrumb"},"inLanguage":"es","potentialAction":[{"@type":"ReadAction","target":["https:\/\/puromartinez.com\/about\/"]}]},{"@type":"ImageObject","inLanguage":"es","@id":"https:\/\/puromartinez.com\/about\/#primaryimage","url":"https:\/\/i0.wp.com\/puromartinez.com\/wp-content\/uploads\/2025\/07\/PuroMartinez-Core-logo-scaled.png?fit=2560%2C893&ssl=1","contentUrl":"https:\/\/i0.wp.com\/puromartinez.com\/wp-content\/uploads\/2025\/07\/PuroMartinez-Core-logo-scaled.png?fit=2560%2C893&ssl=1","width":2560,"height":893},{"@type":"BreadcrumbList","@id":"https:\/\/puromartinez.com\/about\/#breadcrumb","itemListElement":[{"@type":"ListItem","position":1,"name":"Home","item":"https:\/\/puromartinez.com\/"},{"@type":"ListItem","position":2,"name":"About"}]},{"@type":"WebSite","@id":"https:\/\/puromartinez.com\/#website","url":"https:\/\/puromartinez.com\/","name":"Puro Martinez -Bienestar y salud intestinal","description":"\u00a1Mantente Saludable Hermanos! \u00a1El Bienestar Ayuda a Nuestra Gente a Ser Dominante!","publisher":{"@id":"https:\/\/puromartinez.com\/#organization"},"potentialAction":[{"@type":"SearchAction","target":{"@type":"EntryPoint","urlTemplate":"https:\/\/puromartinez.com\/?s={search_term_string}"},"query-input":{"@type":"PropertyValueSpecification","valueRequired":true,"valueName":"search_term_string"}}],"inLanguage":"es"},{"@type":"Organization","@id":"https:\/\/puromartinez.com\/#organization","name":"Puro Martinez -Bienestar y salud intestinal","url":"https:\/\/puromartinez.com\/","logo":{"@type":"ImageObject","inLanguage":"es","@id":"https:\/\/puromartinez.com\/#\/schema\/logo\/image\/","url":"https:\/\/i0.wp.com\/puromartinez.com\/wp-content\/uploads\/2024\/06\/cropped-Puro-Martinez-ST-banner.png?fit=822%2C220&ssl=1","contentUrl":"https:\/\/i0.wp.com\/puromartinez.com\/wp-content\/uploads\/2024\/06\/cropped-Puro-Martinez-ST-banner.png?fit=822%2C220&ssl=1","width":822,"height":220,"caption":"Puro Martinez -Wellness and Gut Health"},"image":{"@id":"https:\/\/puromartinez.com\/#\/schema\/logo\/image\/"}}]}},"jetpack_sharing_enabled":true,"_links":{"self":[{"href":"https:\/\/puromartinez.com\/es\/wp-json\/wp\/v2\/pages\/62","targetHints":{"allow":["GET"]}}],"collection":[{"href":"https:\/\/puromartinez.com\/es\/wp-json\/wp\/v2\/pages"}],"about":[{"href":"https:\/\/puromartinez.com\/es\/wp-json\/wp\/v2\/types\/page"}],"author":[{"embeddable":true,"href":"https:\/\/puromartinez.com\/es\/wp-json\/wp\/v2\/users\/1"}],"replies":[{"embeddable":true,"href":"https:\/\/puromartinez.com\/es\/wp-json\/wp\/v2\/comments?post=62"}],"version-history":[{"count":5,"href":"https:\/\/puromartinez.com\/es\/wp-json\/wp\/v2\/pages\/62\/revisions"}],"predecessor-version":[{"id":237,"href":"https:\/\/puromartinez.com\/es\/wp-json\/wp\/v2\/pages\/62\/revisions\/237"}],"wp:featuredmedia":[{"embeddable":true,"href":"https:\/\/puromartinez.com\/es\/wp-json\/wp\/v2\/media\/92"}],"wp:attachment":[{"href":"https:\/\/puromartinez.com\/es\/wp-json\/wp\/v2\/media?parent=62"}],"curies":[{"name":"wp","href":"https:\/\/api.w.org\/{rel}","templated":true}]}}